{"id":1625,"date":"2025-07-24T12:10:35","date_gmt":"2025-07-24T10:10:35","guid":{"rendered":"https:\/\/lespiga.es\/politica-de-privacitat\/"},"modified":"2025-07-25T14:40:46","modified_gmt":"2025-07-25T12:40:46","slug":"politica-de-privacitat","status":"publish","type":"page","link":"https:\/\/lespiga.es\/ca\/politica-de-privacitat\/","title":{"rendered":"Pol\u00edtica de privacitat"},"content":{"rendered":"<div class=\"fusion-fullwidth fullwidth-box fusion-builder-row-1 fusion-flex-container has-pattern-background has-mask-background nonhundred-percent-fullwidth non-hundred-percent-height-scrolling\" style=\"--awb-border-radius-top-left:0px;--awb-border-radius-top-right:0px;--awb-border-radius-bottom-right:0px;--awb-border-radius-bottom-left:0px;--awb-padding-bottom:50px;--awb-background-color:var(--awb-color1);--awb-flex-wrap:wrap;\" ><div class=\"fusion-builder-row fusion-row fusion-flex-align-items-flex-start fusion-flex-justify-content-center fusion-flex-content-wrap\" style=\"max-width:calc( 1450px + 24px );margin-left: calc(-24px \/ 2 );margin-right: calc(-24px \/ 2 );\"><div class=\"fusion-layout-column fusion_builder_column fusion-builder-column-0 awb-sticky awb-sticky-small awb-sticky-medium awb-sticky-large fusion_builder_column_1_4 1_4 fusion-flex-column fusion-no-small-visibility\" style=\"--awb-padding-top:15px;--awb-padding-right:15px;--awb-padding-bottom:15px;--awb-padding-left:15px;--awb-bg-color:var(--awb-color2);--awb-bg-color-hover:var(--awb-color2);--awb-bg-size:cover;--awb-width-large:25%;--awb-margin-top-large:0px;--awb-spacing-right-large:12px;--awb-margin-bottom-large:20px;--awb-spacing-left-large:12px;--awb-width-medium:25%;--awb-order-medium:0;--awb-spacing-right-medium:12px;--awb-spacing-left-medium:12px;--awb-width-small:100%;--awb-order-small:0;--awb-spacing-right-small:12px;--awb-spacing-left-small:12px;--awb-sticky-offset:150px;\" data-scroll-devices=\"small-visibility,medium-visibility,large-visibility\"><div class=\"fusion-column-wrapper fusion-column-has-shadow fusion-flex-justify-content-flex-start fusion-content-layout-column\"><div class=\"fusion-title title fusion-title-1 fusion-sep-none fusion-title-text fusion-title-size-three\" style=\"--awb-margin-top-small:10px;--awb-margin-right-small:0px;--awb-margin-bottom-small:10px;--awb-margin-left-small:0px;--awb-font-size:var(--awb-typography2-font-size);\"><h3 class=\"fusion-title-heading title-heading-left fusion-responsive-typography-calculated\" style=\"font-family:&quot;Kindora normal&quot;;font-style:normal;font-weight:400;margin:0;letter-spacing:var(--awb-typography2-letter-spacing);text-transform:var(--awb-typography2-text-transform);font-size:1em;--fontSize:24;line-height:var(--awb-typography2-line-height);\">MEN\u00da<\/h3><\/div><nav class=\"awb-menu awb-menu_column awb-menu_em-hover mobile-mode-collapse-to-button awb-menu_icons-left awb-menu_dc-yes mobile-trigger-fullwidth-off awb-menu_mobile-toggle awb-menu_indent-left mobile-size-full-absolute loading mega-menu-loading awb-menu_desktop awb-menu_dropdown awb-menu_expand-right awb-menu_transition-fade\" style=\"--awb-color:var(--awb-color5);--awb-active-color:var(--awb-color4);--awb-icons-color:var(--awb-color5);--awb-icons-hover-color:var(--awb-color4);--awb-main-justify-content:flex-start;--awb-mobile-justify:flex-start;--awb-mobile-caret-left:auto;--awb-mobile-caret-right:0;--awb-fusion-font-family-typography:inherit;--awb-fusion-font-style-typography:normal;--awb-fusion-font-weight-typography:400;--awb-fusion-font-family-submenu-typography:inherit;--awb-fusion-font-style-submenu-typography:normal;--awb-fusion-font-weight-submenu-typography:400;--awb-fusion-font-family-mobile-typography:inherit;--awb-fusion-font-style-mobile-typography:normal;--awb-fusion-font-weight-mobile-typography:400;\" aria-label=\"Legal\" data-breakpoint=\"1024\" data-count=\"0\" data-transition-type=\"fade\" data-transition-time=\"300\" data-expand=\"right\"><button type=\"button\" class=\"awb-menu__m-toggle awb-menu__m-toggle_no-text\" aria-expanded=\"false\" aria-controls=\"menu-legal\"><span class=\"awb-menu__m-toggle-inner\"><span class=\"collapsed-nav-text\"><span class=\"screen-reader-text\">Toggle Navigation<\/span><\/span><span class=\"awb-menu__m-collapse-icon awb-menu__m-collapse-icon_no-text\"><span class=\"awb-menu__m-collapse-icon-open awb-menu__m-collapse-icon-open_no-text fa-bars fas\"><\/span><span class=\"awb-menu__m-collapse-icon-close awb-menu__m-collapse-icon-close_no-text fa-times fas\"><\/span><\/span><\/span><\/button><ul id=\"menu-legal\" class=\"fusion-menu awb-menu__main-ul awb-menu__main-ul_column\"><li  id=\"menu-item-1180\"  class=\"menu-item menu-item-type-post_type menu-item-object-page menu-item-1180 awb-menu__li awb-menu__main-li awb-menu__main-li_regular\"  data-item-id=\"1180\"><span class=\"awb-menu__main-background-default awb-menu__main-background-default_fade\"><\/span><span class=\"awb-menu__main-background-active awb-menu__main-background-active_fade\"><\/span><a  href=\"https:\/\/lespiga.es\/aviso-legal\/\" class=\"awb-menu__main-a awb-menu__main-a_regular\"><span class=\"menu-text\">Av\u00eds legal<\/span><\/a><\/li><li  id=\"menu-item-1633\"  class=\"menu-item menu-item-type-post_type menu-item-object-page menu-item-1633 awb-menu__li awb-menu__main-li awb-menu__main-li_regular\"  data-item-id=\"1633\"><span class=\"awb-menu__main-background-default awb-menu__main-background-default_fade\"><\/span><span class=\"awb-menu__main-background-active awb-menu__main-background-active_fade\"><\/span><a  href=\"https:\/\/lespiga.es\/politica-de-privacidad\/\" class=\"awb-menu__main-a awb-menu__main-a_regular\"><span class=\"menu-text\">Pol\u00edtica de privacitat<\/span><\/a><\/li><li  id=\"menu-item-1634\"  class=\"menu-item menu-item-type-post_type menu-item-object-page menu-item-1634 awb-menu__li awb-menu__main-li awb-menu__main-li_regular\"  data-item-id=\"1634\"><span class=\"awb-menu__main-background-default awb-menu__main-background-default_fade\"><\/span><span class=\"awb-menu__main-background-active awb-menu__main-background-active_fade\"><\/span><a  href=\"https:\/\/lespiga.es\/cookies\/\" class=\"awb-menu__main-a awb-menu__main-a_regular\"><span class=\"menu-text\">Informaci\u00f3 de les cookies<\/span><\/a><\/li><\/ul><\/nav><\/div><\/div><div class=\"fusion-layout-column fusion_builder_column fusion-builder-column-1 fusion_builder_column_3_4 3_4 fusion-flex-column\" style=\"--awb-bg-size:cover;--awb-width-large:75%;--awb-margin-top-large:0px;--awb-spacing-right-large:12px;--awb-margin-bottom-large:30px;--awb-spacing-left-large:12px;--awb-width-medium:75%;--awb-order-medium:0;--awb-spacing-right-medium:12px;--awb-spacing-left-medium:12px;--awb-width-small:100%;--awb-order-small:0;--awb-spacing-right-small:12px;--awb-spacing-left-small:12px;\" data-scroll-devices=\"small-visibility,medium-visibility,large-visibility\"><div class=\"fusion-column-wrapper fusion-column-has-shadow fusion-flex-justify-content-flex-start fusion-content-layout-column\"><div class=\"fusion-title title fusion-title-2 fusion-sep-none fusion-title-center fusion-title-text fusion-title-size-two\" style=\"--awb-text-color:var(--awb-color2);--awb-margin-top-small:10px;--awb-margin-right-small:0px;--awb-margin-bottom-small:10px;--awb-margin-left-small:0px;--awb-sep-color:#d1d1d1;\"><h2 class=\"fusion-title-heading title-heading-center fusion-responsive-typography-calculated\" style=\"font-family:&quot;Abril Fatface&quot;;font-style:normal;font-weight:400;margin:0;text-transform:var(--awb-typography1-text-transform);--fontSize:48;line-height:var(--awb-typography1-line-height);\">Pol\u00edtica de privacitat<\/h2><\/div><div class=\"fusion-text fusion-text-1 fusion-text-no-margin\" style=\"--awb-content-alignment:justify;--awb-font-size:var(--awb-typography4-font-size);--awb-line-height:var(--awb-typography4-line-height);--awb-letter-spacing:var(--awb-typography4-letter-spacing);--awb-text-transform:var(--awb-typography4-text-transform);--awb-text-color:var(--awb-color4);--awb-margin-bottom:15px;--awb-text-font-family:var(--awb-typography4-font-family);--awb-text-font-weight:var(--awb-typography4-font-weight);--awb-text-font-style:var(--awb-typography4-font-style);\"><p>1. PROTECCI\u00d3 DE DADES PERSONALS<\/p>\n<p>La p\u00e0gina web de L\u2019Espiga proporciona l&#8217;acc\u00e9s a continguts en Internet als quals l&#8217;usuari, amb car\u00e0cter general, pot tenir acc\u00e9s de manera lliure. Els usuaris que accedeixin a visitar aquesta web no faciliten cap informaci\u00f3 personal ni queda obligat a facilitar-la.<\/p>\n<p>En virtut de la Llei 15\/1999, de 13 de desembre, sobre la Protecci\u00f3 de Dades de car\u00e0cter personal, l&#8217;informem que les dades personals que ens faciliti en l&#8217;emplenament de qualsevol formulari existent en el lloc web lespiga.es, el contacte, o la remissi\u00f3 d&#8217;un correu electr\u00f2nic a qualsevol de les nostres b\u00fasties formaran part dels fitxers titularitat de L\u2019Espiga.<\/p>\n<p>A l&#8217;efecte del que es preveu en la Llei org\u00e0nica 15\/1999, de 13 de Desembre, de Protecci\u00f3 de Dades de Car\u00e0cter Personal, aquests fitxers seran tractats adoptant els nivells de seguretat adequats conforme a la legislaci\u00f3 vigent en mat\u00e8ria de protecci\u00f3 de dades personals, guardant-se les degudes mesures de seguretat tant t\u00e8cniques com organitzatives per a evitar la seva alteraci\u00f3, p\u00e8rdua, tractament o acc\u00e9s no autoritzat, tenint en compte de l&#8217;estat de la tecnologia, en compliment de la seva obligaci\u00f3 de secret, que garanteixen la confidencialitat d&#8217;aquests.<\/p>\n<p>2. FINALITAT DE LA RECOLLIDA DE LES DADES PERSONALS I CONSENTIMENT DE L&#8217;USUARI<\/p>\n<p>Les dades dels usuaris registrats a trav\u00e9s dels formularis habilitats a aquest efecte en el lloc web lespiga.es seran tractats amb la m\u00e0xima confidencialitat per a la seva gesti\u00f3 administrativa, per a donar resposta a aquests, aix\u00ed com, per a la gesti\u00f3 comercial que ens vinculi, la seva an\u00e0lisi comercial i\/o l&#8217;enviament a trav\u00e9s d&#8217;email dels plans, ofertes i descomptes que realitzi la nostra empresa.<\/p>\n<p>L&#8217;acceptaci\u00f3 de les presents condicions suposa la prestaci\u00f3 del seu consentiment expr\u00e9s perqu\u00e8 L\u2019Espiga pugui remetre-li comunicacions publicit\u00e0ries o promocionals per correu electr\u00f2nic o un altre mitj\u00e0 de comunicaci\u00f3 equivalent, en els termes establerts per la Llei 34\/2002, de Serveis de la Societat de la Informaci\u00f3 i de Comer\u00e7 Electr\u00f2nic. En el sup\u00f2sit de no estar interessat a rebre aquest tipus de comunicacions pot a l&#8217;adre\u00e7a anteriorment indicada o al correu electr\u00f2nic lespigallinars@gmail.com, manifestant la seva voluntat.<\/p>\n<p>En el moment de la recollida de les dades, l&#8217;usuari ser\u00e0 degudament informat dels drets que li assisteixen. Perqu\u00e8 la informaci\u00f3 que contenen els nostres fitxers estigui sempre actualitzada i no contingui errors, demanem als nostres clients i usuaris que ens comuniquin, com m\u00e9s aviat millor, les modificacions i rectificacions de les seves dades de car\u00e0cter personal. Les dades recaptades s\u00f3n els adequats, pertinents i no excessius en relaci\u00f3 amb l&#8217;\u00e0mbit, les finalitats i serveis determinats, expl\u00edcits i leg\u00edtims de L\u2019Espiga.<\/p>\n<p>3. EXERCICI DE DRETS D&#8217;ACC\u00c9S, RECTIFICACI\u00d3, CANCEL\u00b7LACI\u00d3 I OPOSICI\u00d3<\/p>\n<p>En qualsevol moment l&#8217;usuari tindr\u00e0 el dret d&#8217;acc\u00e9s, rectificaci\u00f3, cancel\u00b7laci\u00f3 i oposici\u00f3 a totes les seves dades personals. Aquests drets poden fer-se efectius mitjan\u00e7ant correu electr\u00f2nic enviat a l&#8217;adre\u00e7a lespigallinars@gmail.com.<\/p>\n<p>L&#8217;usuari respondr\u00e0, en qualsevol cas, de la veracitat, exactitud, autenticitat i vig\u00e8ncia de les dades facilitades, reservant-se L\u2019Espiga el dret a excloure dels serveis registrats a tot usuari que hagi facilitat dades falses, sense perjudici de les altres accions que procedeixin en dret. Respecte aquella informaci\u00f3 que sigui remesa per menors de 16 anys, ser\u00e0 requisit imprescindible que el remitent hagi obtingut pr\u00e8viament el consentiment patern, del tutor o del legal representant perqu\u00e8 les dades de car\u00e0cter personal puguin ser objecte de tractament automatitzat.<\/p>\n<p>4. MODIFICACI\u00d3 DE LA POL\u00cdTICA DE SEGURETAT I DE PROTECCI\u00d3 DE DADES<\/p>\n<p>L\u2019Espiga es reserva el dret de modificar la seva pol\u00edtica de seguretat i protecci\u00f3 de dades a fi d&#8217;adaptar-lo a les novetats legislatives o jurisprudencials, aix\u00ed com les que poguessin derivar-se de codis tipus existents en la mat\u00e8ria, o per decisions corporatives estrat\u00e8giques.<\/p>\n<p>5. \u00daS DE COOKIES<\/p>\n<p>L\u2019Espiga podr\u00e0 utilitzar cookies, petits fitxers de dades que s&#8217;emmagatzemen en el sistema de l&#8217;usuari, que permetin personalitzar i facilitar la navegaci\u00f3 de l&#8217;usuari per la p\u00e0gina web, i que s&#8217;associen a un usuari an\u00f2nim sense que puguin deduir-se dades personals d&#8217;aquest. Les cookies s&#8217;utilitzen amb la finalitat de millorar el servei prestat, per\u00f2 no emmagatzemen cap mena d&#8217;informaci\u00f3 personal relativa als usuaris.<\/p>\n<p>L\u2019Espiga tamb\u00e9 podr\u00e0 registrar les seves adreces IP per a diagnosticar qualsevol problema amb el nostre servidor, per a administrar la nostra p\u00e0gina web i per a analitzar les tend\u00e8ncies dels usuaris en general mitjan\u00e7ant un seguiment estad\u00edstic.<\/p>\n<p>L&#8217;Usuari pot impedir la generaci\u00f3 de cookies en el seu ordinador mitjan\u00e7ant l&#8217;activaci\u00f3 de l&#8217;opci\u00f3 corresponent en el seu navegador. Aquesta desactivaci\u00f3 de cookies no impedeix l&#8217;acc\u00e9s de l&#8217;usuari als continguts de la p\u00e0gina web. No obstant aix\u00f2, si selecciona aquesta configuraci\u00f3, potser no pot accedir a determinades parts de la Web.<\/p>\n<p>6. AV\u00cdS DE PRIVACITAT DE LES ESTAD\u00cdSTIQUES GOOGLE ANALYTICS<\/p>\n<p>Aquesta p\u00e0gina web utilitza Google Analytics, un servei anal\u00edtic de web prestat per Google, Inc., una companyia de Delaware l&#8217;oficina principal de la qual est\u00e0 en 1600 Amphitheatre Parkway, Mountain View (Calif\u00f2rnia), CA 94043, els Estats Units (Google). Google Analytics utilitza \u201ccookies\u201d, que s\u00f3n arxius de text situats en el seu ordinador, per a ajudar el website a analitzar l&#8217;\u00fas que fan els usuaris del lloc web. La informaci\u00f3 que genera la cookie sobre el seu \u00fas del website (incloent la seva adre\u00e7a IP) ser\u00e0 directament transmesa i arxivada per Google en els servidors dels Estats Units.<\/p>\n<p>Google usar\u00e0 aquesta informaci\u00f3 per compte nostre amb el prop\u00f2sit de seguir la pista del seu \u00fas del website, recopilant informes de l&#8217;activitat del website i prestant altres serveis relacionats amb l&#8217;activitat del website i l&#8217;\u00fas d&#8217;Internet. Google podr\u00e0 transmetre aquesta informaci\u00f3 a tercers quan aix\u00ed li ho requereixi la legislaci\u00f3, o quan dits tercers processin la informaci\u00f3 per compte de Google. Google no associar\u00e0 la seva adre\u00e7a IP amb cap altra donada del qual disposi Google. Pot Vost\u00e8 rebutjar el tractament de les dades o la informaci\u00f3 rebutjant l&#8217;\u00fas de cookies mitjan\u00e7ant la selecci\u00f3 de la configuraci\u00f3 apropiada del seu navegador, no obstant aix\u00f2, deu Vost\u00e8 saber que si ho fa pot ser que no pugui usar la plena funcionabilidad d&#8217;aquest website. En utilitzar aquest website Vost\u00e8 consent el tractament d&#8217;informaci\u00f3 sobre Vost\u00e8 per Google en la forma i per als fins indicats m\u00e9s amunt.<\/p>\n<\/div><\/div><\/div><\/div><\/div>\n","protected":false},"excerpt":{"rendered":"","protected":false},"author":1,"featured_media":0,"parent":0,"menu_order":0,"comment_status":"closed","ping_status":"open","template":"100-width.php","meta":{"footnotes":""},"class_list":["post-1625","page","type-page","status-publish","hentry"],"yoast_head":"<!-- This site is optimized with the Yoast SEO plugin v27.3 - https:\/\/yoast.com\/product\/yoast-seo-wordpress\/ -->\n<title>Pol\u00edtica de privacitat | L&#039;Espiga<\/title>\n<meta name=\"description\" content=\"Acompanyament acad\u00e8mic i emocional en totes les etapes educatives. Descobreix la nostra acad\u00e8mia de refor\u00e7 escolar a Sant Antoni de Vilamajor.\" \/>\n<meta name=\"robots\" content=\"index, follow, max-snippet:-1, max-image-preview:large, max-video-preview:-1\" \/>\n<link rel=\"canonical\" href=\"https:\/\/lespiga.es\/ca\/politica-de-privacitat\/\" \/>\n<meta property=\"og:locale\" content=\"ca_ES\" \/>\n<meta property=\"og:type\" content=\"article\" \/>\n<meta property=\"og:title\" content=\"Pol\u00edtica de privacitat | L&#039;Espiga\" \/>\n<meta property=\"og:description\" content=\"Acompanyament acad\u00e8mic i emocional en totes les etapes educatives. Descobreix la nostra acad\u00e8mia de refor\u00e7 escolar a Sant Antoni de Vilamajor.\" \/>\n<meta property=\"og:url\" content=\"https:\/\/lespiga.es\/ca\/politica-de-privacitat\/\" \/>\n<meta property=\"og:site_name\" content=\"L&#039;Espiga\" \/>\n<meta property=\"article:modified_time\" content=\"2025-07-25T12:40:46+00:00\" \/>\n<meta name=\"twitter:card\" content=\"summary_large_image\" \/>\n<meta name=\"twitter:label1\" content=\"Temps estimat de lectura\" \/>\n\t<meta name=\"twitter:data1\" content=\"5 minuts\" \/>\n<script type=\"application\/ld+json\" class=\"yoast-schema-graph\">{\"@context\":\"https:\\\/\\\/schema.org\",\"@graph\":[{\"@type\":\"WebPage\",\"@id\":\"https:\\\/\\\/lespiga.es\\\/ca\\\/politica-de-privacitat\\\/\",\"url\":\"https:\\\/\\\/lespiga.es\\\/ca\\\/politica-de-privacitat\\\/\",\"name\":\"Pol\u00edtica de privacitat | L'Espiga\",\"isPartOf\":{\"@id\":\"https:\\\/\\\/lespiga.es\\\/ca\\\/#website\"},\"datePublished\":\"2025-07-24T10:10:35+00:00\",\"dateModified\":\"2025-07-25T12:40:46+00:00\",\"description\":\"Acompanyament acad\u00e8mic i emocional en totes les etapes educatives. Descobreix la nostra acad\u00e8mia de refor\u00e7 escolar a Sant Antoni de Vilamajor.\",\"breadcrumb\":{\"@id\":\"https:\\\/\\\/lespiga.es\\\/ca\\\/politica-de-privacitat\\\/#breadcrumb\"},\"inLanguage\":\"ca\",\"potentialAction\":[{\"@type\":\"ReadAction\",\"target\":[\"https:\\\/\\\/lespiga.es\\\/ca\\\/politica-de-privacitat\\\/\"]}]},{\"@type\":\"BreadcrumbList\",\"@id\":\"https:\\\/\\\/lespiga.es\\\/ca\\\/politica-de-privacitat\\\/#breadcrumb\",\"itemListElement\":[{\"@type\":\"ListItem\",\"position\":1,\"name\":\"Home\",\"item\":\"https:\\\/\\\/lespiga.es\\\/ca\\\/\"},{\"@type\":\"ListItem\",\"position\":2,\"name\":\"Pol\u00edtica de privacitat\"}]},{\"@type\":\"WebSite\",\"@id\":\"https:\\\/\\\/lespiga.es\\\/ca\\\/#website\",\"url\":\"https:\\\/\\\/lespiga.es\\\/ca\\\/\",\"name\":\"L&#039;Espiga\",\"description\":\"\",\"potentialAction\":[{\"@type\":\"SearchAction\",\"target\":{\"@type\":\"EntryPoint\",\"urlTemplate\":\"https:\\\/\\\/lespiga.es\\\/ca\\\/?s={search_term_string}\"},\"query-input\":{\"@type\":\"PropertyValueSpecification\",\"valueRequired\":true,\"valueName\":\"search_term_string\"}}],\"inLanguage\":\"ca\"}]}<\/script>\n<!-- \/ Yoast SEO plugin. -->","yoast_head_json":{"title":"Pol\u00edtica de privacitat | L'Espiga","description":"Acompanyament acad\u00e8mic i emocional en totes les etapes educatives. Descobreix la nostra acad\u00e8mia de refor\u00e7 escolar a Sant Antoni de Vilamajor.","robots":{"index":"index","follow":"follow","max-snippet":"max-snippet:-1","max-image-preview":"max-image-preview:large","max-video-preview":"max-video-preview:-1"},"canonical":"https:\/\/lespiga.es\/ca\/politica-de-privacitat\/","og_locale":"ca_ES","og_type":"article","og_title":"Pol\u00edtica de privacitat | L'Espiga","og_description":"Acompanyament acad\u00e8mic i emocional en totes les etapes educatives. Descobreix la nostra acad\u00e8mia de refor\u00e7 escolar a Sant Antoni de Vilamajor.","og_url":"https:\/\/lespiga.es\/ca\/politica-de-privacitat\/","og_site_name":"L&#039;Espiga","article_modified_time":"2025-07-25T12:40:46+00:00","twitter_card":"summary_large_image","twitter_misc":{"Temps estimat de lectura":"5 minuts"},"schema":{"@context":"https:\/\/schema.org","@graph":[{"@type":"WebPage","@id":"https:\/\/lespiga.es\/ca\/politica-de-privacitat\/","url":"https:\/\/lespiga.es\/ca\/politica-de-privacitat\/","name":"Pol\u00edtica de privacitat | L'Espiga","isPartOf":{"@id":"https:\/\/lespiga.es\/ca\/#website"},"datePublished":"2025-07-24T10:10:35+00:00","dateModified":"2025-07-25T12:40:46+00:00","description":"Acompanyament acad\u00e8mic i emocional en totes les etapes educatives. Descobreix la nostra acad\u00e8mia de refor\u00e7 escolar a Sant Antoni de Vilamajor.","breadcrumb":{"@id":"https:\/\/lespiga.es\/ca\/politica-de-privacitat\/#breadcrumb"},"inLanguage":"ca","potentialAction":[{"@type":"ReadAction","target":["https:\/\/lespiga.es\/ca\/politica-de-privacitat\/"]}]},{"@type":"BreadcrumbList","@id":"https:\/\/lespiga.es\/ca\/politica-de-privacitat\/#breadcrumb","itemListElement":[{"@type":"ListItem","position":1,"name":"Home","item":"https:\/\/lespiga.es\/ca\/"},{"@type":"ListItem","position":2,"name":"Pol\u00edtica de privacitat"}]},{"@type":"WebSite","@id":"https:\/\/lespiga.es\/ca\/#website","url":"https:\/\/lespiga.es\/ca\/","name":"L&#039;Espiga","description":"","potentialAction":[{"@type":"SearchAction","target":{"@type":"EntryPoint","urlTemplate":"https:\/\/lespiga.es\/ca\/?s={search_term_string}"},"query-input":{"@type":"PropertyValueSpecification","valueRequired":true,"valueName":"search_term_string"}}],"inLanguage":"ca"}]}},"_links":{"self":[{"href":"https:\/\/lespiga.es\/ca\/wp-json\/wp\/v2\/pages\/1625","targetHints":{"allow":["GET"]}}],"collection":[{"href":"https:\/\/lespiga.es\/ca\/wp-json\/wp\/v2\/pages"}],"about":[{"href":"https:\/\/lespiga.es\/ca\/wp-json\/wp\/v2\/types\/page"}],"author":[{"embeddable":true,"href":"https:\/\/lespiga.es\/ca\/wp-json\/wp\/v2\/users\/1"}],"replies":[{"embeddable":true,"href":"https:\/\/lespiga.es\/ca\/wp-json\/wp\/v2\/comments?post=1625"}],"version-history":[{"count":0,"href":"https:\/\/lespiga.es\/ca\/wp-json\/wp\/v2\/pages\/1625\/revisions"}],"wp:attachment":[{"href":"https:\/\/lespiga.es\/ca\/wp-json\/wp\/v2\/media?parent=1625"}],"curies":[{"name":"wp","href":"https:\/\/api.w.org\/{rel}","templated":true}]}}