{"id":1607,"date":"2025-07-24T12:11:42","date_gmt":"2025-07-24T10:11:42","guid":{"rendered":"https:\/\/lespiga.es\/informacio-de-las-cookies\/"},"modified":"2025-07-25T14:37:31","modified_gmt":"2025-07-25T12:37:31","slug":"cookies","status":"publish","type":"page","link":"https:\/\/lespiga.es\/ca\/cookies\/","title":{"rendered":"Informaci\u00f3 de les cookies"},"content":{"rendered":"<div class=\"fusion-fullwidth fullwidth-box fusion-builder-row-1 fusion-flex-container has-pattern-background has-mask-background nonhundred-percent-fullwidth non-hundred-percent-height-scrolling\" style=\"--awb-border-radius-top-left:0px;--awb-border-radius-top-right:0px;--awb-border-radius-bottom-right:0px;--awb-border-radius-bottom-left:0px;--awb-padding-bottom:50px;--awb-background-color:var(--awb-color1);--awb-flex-wrap:wrap;\" ><div class=\"fusion-builder-row fusion-row fusion-flex-align-items-flex-start fusion-flex-justify-content-center fusion-flex-content-wrap\" style=\"max-width:calc( 1450px + 24px );margin-left: calc(-24px \/ 2 );margin-right: calc(-24px \/ 2 );\"><div class=\"fusion-layout-column fusion_builder_column fusion-builder-column-0 awb-sticky awb-sticky-small awb-sticky-medium awb-sticky-large fusion_builder_column_1_4 1_4 fusion-flex-column fusion-no-small-visibility\" style=\"--awb-padding-top:15px;--awb-padding-right:15px;--awb-padding-bottom:15px;--awb-padding-left:15px;--awb-bg-color:var(--awb-color2);--awb-bg-color-hover:var(--awb-color2);--awb-bg-size:cover;--awb-width-large:25%;--awb-margin-top-large:0px;--awb-spacing-right-large:12px;--awb-margin-bottom-large:20px;--awb-spacing-left-large:12px;--awb-width-medium:25%;--awb-order-medium:0;--awb-spacing-right-medium:12px;--awb-spacing-left-medium:12px;--awb-width-small:100%;--awb-order-small:0;--awb-spacing-right-small:12px;--awb-spacing-left-small:12px;--awb-sticky-offset:150px;\" data-scroll-devices=\"small-visibility,medium-visibility,large-visibility\"><div class=\"fusion-column-wrapper fusion-column-has-shadow fusion-flex-justify-content-flex-start fusion-content-layout-column\"><div class=\"fusion-title title fusion-title-1 fusion-sep-none fusion-title-text fusion-title-size-three\" style=\"--awb-margin-top-small:10px;--awb-margin-right-small:0px;--awb-margin-bottom-small:10px;--awb-margin-left-small:0px;--awb-font-size:var(--awb-typography2-font-size);\"><h3 class=\"fusion-title-heading title-heading-left fusion-responsive-typography-calculated\" style=\"font-family:&quot;Kindora normal&quot;;font-style:normal;font-weight:400;margin:0;letter-spacing:var(--awb-typography2-letter-spacing);text-transform:var(--awb-typography2-text-transform);font-size:1em;--fontSize:24;line-height:var(--awb-typography2-line-height);\">MEN\u00da<\/h3><\/div><nav class=\"awb-menu awb-menu_column awb-menu_em-hover mobile-mode-collapse-to-button awb-menu_icons-left awb-menu_dc-yes mobile-trigger-fullwidth-off awb-menu_mobile-toggle awb-menu_indent-left mobile-size-full-absolute loading mega-menu-loading awb-menu_desktop awb-menu_dropdown awb-menu_expand-right awb-menu_transition-fade\" style=\"--awb-color:var(--awb-color5);--awb-active-color:var(--awb-color4);--awb-icons-color:var(--awb-color5);--awb-icons-hover-color:var(--awb-color4);--awb-main-justify-content:flex-start;--awb-mobile-justify:flex-start;--awb-mobile-caret-left:auto;--awb-mobile-caret-right:0;--awb-fusion-font-family-typography:inherit;--awb-fusion-font-style-typography:normal;--awb-fusion-font-weight-typography:400;--awb-fusion-font-family-submenu-typography:inherit;--awb-fusion-font-style-submenu-typography:normal;--awb-fusion-font-weight-submenu-typography:400;--awb-fusion-font-family-mobile-typography:inherit;--awb-fusion-font-style-mobile-typography:normal;--awb-fusion-font-weight-mobile-typography:400;\" aria-label=\"Legal\" data-breakpoint=\"1024\" data-count=\"0\" data-transition-type=\"fade\" data-transition-time=\"300\" data-expand=\"right\"><button type=\"button\" class=\"awb-menu__m-toggle awb-menu__m-toggle_no-text\" aria-expanded=\"false\" aria-controls=\"menu-legal\"><span class=\"awb-menu__m-toggle-inner\"><span class=\"collapsed-nav-text\"><span class=\"screen-reader-text\">Toggle Navigation<\/span><\/span><span class=\"awb-menu__m-collapse-icon awb-menu__m-collapse-icon_no-text\"><span class=\"awb-menu__m-collapse-icon-open awb-menu__m-collapse-icon-open_no-text fa-bars fas\"><\/span><span class=\"awb-menu__m-collapse-icon-close awb-menu__m-collapse-icon-close_no-text fa-times fas\"><\/span><\/span><\/span><\/button><ul id=\"menu-legal\" class=\"fusion-menu awb-menu__main-ul awb-menu__main-ul_column\"><li  id=\"menu-item-1180\"  class=\"menu-item menu-item-type-post_type menu-item-object-page menu-item-1180 awb-menu__li awb-menu__main-li awb-menu__main-li_regular\"  data-item-id=\"1180\"><span class=\"awb-menu__main-background-default awb-menu__main-background-default_fade\"><\/span><span class=\"awb-menu__main-background-active awb-menu__main-background-active_fade\"><\/span><a  href=\"https:\/\/lespiga.es\/aviso-legal\/\" class=\"awb-menu__main-a awb-menu__main-a_regular\"><span class=\"menu-text\">Av\u00eds legal<\/span><\/a><\/li><li  id=\"menu-item-1633\"  class=\"menu-item menu-item-type-post_type menu-item-object-page menu-item-1633 awb-menu__li awb-menu__main-li awb-menu__main-li_regular\"  data-item-id=\"1633\"><span class=\"awb-menu__main-background-default awb-menu__main-background-default_fade\"><\/span><span class=\"awb-menu__main-background-active awb-menu__main-background-active_fade\"><\/span><a  href=\"https:\/\/lespiga.es\/politica-de-privacidad\/\" class=\"awb-menu__main-a awb-menu__main-a_regular\"><span class=\"menu-text\">Pol\u00edtica de privacitat<\/span><\/a><\/li><li  id=\"menu-item-1634\"  class=\"menu-item menu-item-type-post_type menu-item-object-page menu-item-1634 awb-menu__li awb-menu__main-li awb-menu__main-li_regular\"  data-item-id=\"1634\"><span class=\"awb-menu__main-background-default awb-menu__main-background-default_fade\"><\/span><span class=\"awb-menu__main-background-active awb-menu__main-background-active_fade\"><\/span><a  href=\"https:\/\/lespiga.es\/cookies\/\" class=\"awb-menu__main-a awb-menu__main-a_regular\"><span class=\"menu-text\">Informaci\u00f3 de les cookies<\/span><\/a><\/li><\/ul><\/nav><\/div><\/div><div class=\"fusion-layout-column fusion_builder_column fusion-builder-column-1 fusion_builder_column_3_4 3_4 fusion-flex-column\" style=\"--awb-bg-size:cover;--awb-width-large:75%;--awb-margin-top-large:0px;--awb-spacing-right-large:12px;--awb-margin-bottom-large:30px;--awb-spacing-left-large:12px;--awb-width-medium:75%;--awb-order-medium:0;--awb-spacing-right-medium:12px;--awb-spacing-left-medium:12px;--awb-width-small:100%;--awb-order-small:0;--awb-spacing-right-small:12px;--awb-spacing-left-small:12px;\" data-scroll-devices=\"small-visibility,medium-visibility,large-visibility\"><div class=\"fusion-column-wrapper fusion-column-has-shadow fusion-flex-justify-content-flex-start fusion-content-layout-column\"><div class=\"fusion-title title fusion-title-2 fusion-sep-none fusion-title-center fusion-title-text fusion-title-size-two\" style=\"--awb-text-color:var(--awb-color2);--awb-margin-top-small:10px;--awb-margin-right-small:0px;--awb-margin-bottom-small:10px;--awb-margin-left-small:0px;--awb-sep-color:#d1d1d1;\"><h2 class=\"fusion-title-heading title-heading-center fusion-responsive-typography-calculated\" style=\"font-family:&quot;Abril Fatface&quot;;font-style:normal;font-weight:400;margin:0;text-transform:var(--awb-typography1-text-transform);--fontSize:48;line-height:var(--awb-typography1-line-height);\">Informaci\u00f3 de las cookies<\/h2><\/div><div class=\"fusion-text fusion-text-1 fusion-text-no-margin\" style=\"--awb-content-alignment:justify;--awb-font-size:var(--awb-typography4-font-size);--awb-line-height:var(--awb-typography4-line-height);--awb-letter-spacing:var(--awb-typography4-letter-spacing);--awb-text-transform:var(--awb-typography4-text-transform);--awb-text-color:var(--awb-color4);--awb-margin-bottom:15px;--awb-text-font-family:var(--awb-typography4-font-family);--awb-text-font-weight:var(--awb-typography4-font-weight);--awb-text-font-style:var(--awb-typography4-font-style);\"><p>L\u2019ESPIGA informa sobre l&#8217;\u00fas de les cookies en la seva p\u00e0gina web: lespiga.es<\/p>\n<p><strong>Qu\u00e8 s\u00f3n les cookies?<\/strong><br \/>\nLes cookies s\u00f3n arxius que es poden descarregar en el seu equip a trav\u00e9s de les p\u00e0gines web. S\u00f3n eines que tenen un paper essencial per a la prestaci\u00f3 de nombrosos serveis de la societat de la informaci\u00f3. Entre altres, permeten a una p\u00e0gina web emmagatzemar i recuperar informaci\u00f3 sobre els h\u00e0bits de navegaci\u00f3 d&#8217;un usuari o del seu equip i, depenent de la informaci\u00f3 obtinguda, es poden utilitzar per a recon\u00e8ixer a l&#8217;usuari i millorar el servei ofert.<\/p>\n<p><strong>Tipus de cookies<\/strong><br \/>\nSegons qui sigui l&#8217;entitat que gestioni el domini des d&#8217;on s&#8217;envien les cookies i tracti les dades que s&#8217;obtinguin es poden distingir dos tipus:<\/p>\n<p>Cookies pr\u00f2pies: aquelles que s&#8217;envien a l&#8217;equip terminal de l&#8217;usuari des d&#8217;un equip o domini gestionat pel propi editor i des del qual es presta el servei sol\u00b7licitat per l&#8217;usuari.<br \/>\nCookies de tercers: aquelles que s&#8217;envien a l&#8217;equip terminal de l&#8217;usuari des d&#8217;un equip o domini que no \u00e9s gestionat per l&#8217;editor, sin\u00f3 per una altra entitat que tracta les dades obtingudes trav\u00e9s de les cookies.<br \/>\nEn el cas que les cookies siguin instal\u00b7lades des d&#8217;un equip o domini gestionat pel propi editor per\u00f2 la informaci\u00f3 que es reculli mitjan\u00e7ant aquestes sigui gestionada per un tercer, no poden ser considerades com a cookies pr\u00f2pies.<\/p>\n<p>Existeix tamb\u00e9 una segona classificaci\u00f3 segons el termini de temps que romanen emmagatzemades en el navegador del client, podent tractar-se de:<\/p>\n<p><strong>Cookies de sessi\u00f3:<\/strong> dissenyades per a recaptar i emmagatzemar dades mentre l&#8217;usuari accedeix a una p\u00e0gina web. Se solen emprar per a emmagatzemar informaci\u00f3 que nom\u00e9s interessa conservar per a la prestaci\u00f3 del servei sol\u00b7licitat per l&#8217;usuari en una sola ocasi\u00f3 (p.e. una llista de productes adquirits).<br \/>\n<strong>Cookies persistents: l<\/strong>us dades segueixen emmagatzemats en el terminal i poden ser accedits i tractats durant un per\u00edode definit pel responsable de la cookie, i que pot anar d&#8217;uns minuts a diversos anys.<br \/>\nFinalment, existeix una altra classificaci\u00f3 amb cinc tipus de cookies segons la finalitat per a la qual es tractin les dades obtingudes:<\/p>\n<p><strong>Cookies t\u00e8cniques:<\/strong> aquelles que permeten a l&#8217;usuari la navegaci\u00f3 a trav\u00e9s d&#8217;una p\u00e0gina web,<br \/>\nplataforma o aplicaci\u00f3 i la utilitzaci\u00f3 de les diferents opcions o serveis que en ella existeixin com, per exemple, controlar el tr\u00e0nsit i la comunicaci\u00f3 de dades, identificar la sessi\u00f3, accedir a parts d&#8217;acc\u00e9s restringit, recordar els elements que integren una comanda, realitzar el proc\u00e9s de compra d&#8217;una comanda, realitzar la sol\u00b7licitud d&#8217;inscripci\u00f3 o participaci\u00f3 en un esdeveniment, utilitzar elements de seguretat durant la navegaci\u00f3, emmagatzemar continguts per a la difusi\u00f3 de v\u00eddeos o so o compartir continguts a trav\u00e9s de xarxes socials.<br \/>\nCookies de personalitzaci\u00f3: permeten a l&#8217;usuari accedir al servei amb algunes caracter\u00edstiques de car\u00e0cter general predefinides en funci\u00f3 d&#8217;una s\u00e8rie de criteris en el terminal de l&#8217;usuari com per exemple serien l&#8217;idioma, el tipus de navegador a trav\u00e9s del qual accedeix al servei, la configuraci\u00f3 regional des d&#8217;on accedeix al servei, etc.<br \/>\nCookies d&#8217;an\u00e0lisis: permeten al responsable d&#8217;aquestes, el seguiment i an\u00e0lisi del comportament dels usuaris dels llocs web als quals estan vinculades. La informaci\u00f3 recollida mitjan\u00e7ant aquesta mena de cookies s&#8217;utilitza en el mesurament de l&#8217;activitat dels llocs web, aplicaci\u00f3 o plataforma i per a l&#8217;elaboraci\u00f3 de perfils de navegaci\u00f3 dels usuaris d&#8217;aquests llocs, aplicacions i plataformes, amb la finalitat d&#8217;introduir millores en funci\u00f3 de l&#8217;an\u00e0lisi de les dades d&#8217;\u00fas que fan els usuaris del servei.<br \/>\nCookies publicit\u00e0ries: permeten la gesti\u00f3, de la forma m\u00e9s efica\u00e7 possible, dels espais publicitaris.<br \/>\nCookies de publicitat comportamental: emmagatzemen informaci\u00f3 del comportament dels usuaris obtinguda a trav\u00e9s de l&#8217;observaci\u00f3 continuada dels seus h\u00e0bits de navegaci\u00f3, la qual cosa permet desenvolupar un perfil espec\u00edfic per a mostrar publicitat en funci\u00f3 d&#8217;aquest.<br \/>\nCookies de xarxes socials externes: s&#8217;utilitzen perqu\u00e8 els visitants puguin interactuar amb el contingut de diferents plataformes socials (facebook, youtube, twitter, linkedIn, etc..) i que es generin \u00fanicament per als usuaris d&#8217;aquestes xarxes socials. Les condicions d&#8217;utilitzaci\u00f3 d&#8217;aquestes cookies i la informaci\u00f3 recopilada es regula per la pol\u00edtica de privacitat de la plataforma social corresponent.<\/p>\n<p><strong>Desactivaci\u00f3 i eliminaci\u00f3 de cookies<\/strong><br \/>\nTens l&#8217;opci\u00f3 de permetre, bloquejar o eliminar les cookies instal\u00b7lades en el teu equip mitjan\u00e7ant la configuraci\u00f3 de les opcions del navegador instal\u00b7lat en el seu equip. En desactivar cookies, alguns dels serveis disponibles podrien deixar d&#8217;estar operatius. La manera de deshabilitar les cookies \u00e9s diferent per a cada navegador, per\u00f2 normalment pot fer-se des del men\u00fa Eines o Opcions. Tamb\u00e9 pot consultar-se el men\u00fa d&#8217;Ajuda del navegador on pots trobar instruccions. L&#8217;usuari podr\u00e0 en qualsevol moment triar quines cookies vol que funcionin en aquest lloc web.<br \/>\nPot vost\u00e8 permetre, bloquejar o eliminar les cookies instal\u00b7lades en el seu equip mitjan\u00e7ant la configuraci\u00f3 de les opcions del navegador instal\u00b7lat en el seu ordinador:<\/p>\n<p><em>Microsoft Internet Explorer o Microsoft Edge:<\/em> https:\/\/windows.microsoft.com\/es-es\/windows-vista\/block-or-allow-cookies<br \/>\n<em>Mozilla Firefox:<\/em> https:\/\/support.mozilla.org\/es\/kb\/impedir-que-los-sitios-web-guarden-sus-preferencia<br \/>\n<em>Chrome<\/em>: https:\/\/support.google.com\/accounts\/answer\/61416?hl=es<br \/>\n<em>Safari<\/em>: https:\/\/safari.helpmax.net\/es\/privacidad-y-seguridad\/como-gestionar-las-cookies\/<br \/>\n<em>Opera<\/em>: https:\/\/help.opera.com\/linux\/10.60\/es-es\/cookies.html<\/p>\n<p>A m\u00e9s, tamb\u00e9 pot gestionar el magatzem de cookies en el seu navegador a trav\u00e9s d&#8217;eines com les seg\u00fcents:<\/p>\n<p><strong>Ghostery:<\/strong> <a href=\"http:\/\/www.ghostery.com\">www.ghostery.com<\/a><br \/>\n<strong>Your en l\u00ednia choices:<\/strong> <a href=\"http:\/\/www.youronlinechoices.com\/es\/\">www.youronlinechoices.com\/es\/<\/a><\/p>\n<p>Cookies utilitzades en lespiga.es<br \/>\nEn la nostra p\u00e0gina nom\u00e9s utilitzem les Cookies necess\u00e0ries de funcionalitat i anal\u00edtiques per al millor rendiment de la web.<\/p>\n<p><strong>Acceptaci\u00f3 de la Pol\u00edtica de cookies<\/strong><br \/>\nL&#8217;espiga assumeix que vost\u00e8 accepta l&#8217;\u00fas de cookies. No obstant aix\u00f2, mostra informaci\u00f3 sobre la seva Pol\u00edtica de cookies en la part inferior o superior de qualsevol p\u00e0gina del portal amb cada inici de sessi\u00f3 a fi que vost\u00e8 sigui conscient. Davant aquesta informaci\u00f3 \u00e9s possible dur a terme les seg\u00fcents accions:<\/p>\n<p>Acceptar cookies. No es tornar\u00e0 a visualitzar aquest av\u00eds en accedir a qualsevol p\u00e0gina del portal durant la present sessi\u00f3.<br \/>\nRebutjar. S&#8217;oculta l&#8217;av\u00eds en la present p\u00e0gina.<\/p>\n<\/div><\/div><\/div><\/div><\/div>\n","protected":false},"excerpt":{"rendered":"","protected":false},"author":1,"featured_media":0,"parent":0,"menu_order":0,"comment_status":"closed","ping_status":"open","template":"100-width.php","meta":{"footnotes":""},"class_list":["post-1607","page","type-page","status-publish","hentry"],"yoast_head":"<!-- This site is optimized with the Yoast SEO plugin v27.3 - https:\/\/yoast.com\/product\/yoast-seo-wordpress\/ -->\n<title>Informaci\u00f3 de les cookies | L&#039;Espiga<\/title>\n<meta name=\"description\" content=\"Acompanyament acad\u00e8mic i emocional en totes les etapes educatives. Descobreix la nostra acad\u00e8mia de refor\u00e7 escolar a Sant Antoni de Vilamajor.\" \/>\n<meta name=\"robots\" content=\"index, follow, max-snippet:-1, max-image-preview:large, max-video-preview:-1\" \/>\n<link rel=\"canonical\" href=\"https:\/\/lespiga.es\/ca\/cookies\/\" \/>\n<meta property=\"og:locale\" content=\"ca_ES\" \/>\n<meta property=\"og:type\" content=\"article\" \/>\n<meta property=\"og:title\" content=\"Informaci\u00f3 de les cookies | L&#039;Espiga\" \/>\n<meta property=\"og:description\" content=\"Acompanyament acad\u00e8mic i emocional en totes les etapes educatives. Descobreix la nostra acad\u00e8mia de refor\u00e7 escolar a Sant Antoni de Vilamajor.\" \/>\n<meta property=\"og:url\" content=\"https:\/\/lespiga.es\/ca\/cookies\/\" \/>\n<meta property=\"og:site_name\" content=\"L&#039;Espiga\" \/>\n<meta property=\"article:modified_time\" content=\"2025-07-25T12:37:31+00:00\" \/>\n<meta name=\"twitter:card\" content=\"summary_large_image\" \/>\n<meta name=\"twitter:label1\" content=\"Temps estimat de lectura\" \/>\n\t<meta name=\"twitter:data1\" content=\"5 minuts\" \/>\n<script type=\"application\/ld+json\" class=\"yoast-schema-graph\">{\"@context\":\"https:\\\/\\\/schema.org\",\"@graph\":[{\"@type\":\"WebPage\",\"@id\":\"https:\\\/\\\/lespiga.es\\\/ca\\\/cookies\\\/\",\"url\":\"https:\\\/\\\/lespiga.es\\\/ca\\\/cookies\\\/\",\"name\":\"Informaci\u00f3 de les cookies | L'Espiga\",\"isPartOf\":{\"@id\":\"https:\\\/\\\/lespiga.es\\\/ca\\\/#website\"},\"datePublished\":\"2025-07-24T10:11:42+00:00\",\"dateModified\":\"2025-07-25T12:37:31+00:00\",\"description\":\"Acompanyament acad\u00e8mic i emocional en totes les etapes educatives. Descobreix la nostra acad\u00e8mia de refor\u00e7 escolar a Sant Antoni de Vilamajor.\",\"breadcrumb\":{\"@id\":\"https:\\\/\\\/lespiga.es\\\/ca\\\/cookies\\\/#breadcrumb\"},\"inLanguage\":\"ca\",\"potentialAction\":[{\"@type\":\"ReadAction\",\"target\":[\"https:\\\/\\\/lespiga.es\\\/ca\\\/cookies\\\/\"]}]},{\"@type\":\"BreadcrumbList\",\"@id\":\"https:\\\/\\\/lespiga.es\\\/ca\\\/cookies\\\/#breadcrumb\",\"itemListElement\":[{\"@type\":\"ListItem\",\"position\":1,\"name\":\"Home\",\"item\":\"https:\\\/\\\/lespiga.es\\\/ca\\\/\"},{\"@type\":\"ListItem\",\"position\":2,\"name\":\"Informaci\u00f3 de les cookies\"}]},{\"@type\":\"WebSite\",\"@id\":\"https:\\\/\\\/lespiga.es\\\/ca\\\/#website\",\"url\":\"https:\\\/\\\/lespiga.es\\\/ca\\\/\",\"name\":\"L&#039;Espiga\",\"description\":\"\",\"potentialAction\":[{\"@type\":\"SearchAction\",\"target\":{\"@type\":\"EntryPoint\",\"urlTemplate\":\"https:\\\/\\\/lespiga.es\\\/ca\\\/?s={search_term_string}\"},\"query-input\":{\"@type\":\"PropertyValueSpecification\",\"valueRequired\":true,\"valueName\":\"search_term_string\"}}],\"inLanguage\":\"ca\"}]}<\/script>\n<!-- \/ Yoast SEO plugin. -->","yoast_head_json":{"title":"Informaci\u00f3 de les cookies | L'Espiga","description":"Acompanyament acad\u00e8mic i emocional en totes les etapes educatives. Descobreix la nostra acad\u00e8mia de refor\u00e7 escolar a Sant Antoni de Vilamajor.","robots":{"index":"index","follow":"follow","max-snippet":"max-snippet:-1","max-image-preview":"max-image-preview:large","max-video-preview":"max-video-preview:-1"},"canonical":"https:\/\/lespiga.es\/ca\/cookies\/","og_locale":"ca_ES","og_type":"article","og_title":"Informaci\u00f3 de les cookies | L'Espiga","og_description":"Acompanyament acad\u00e8mic i emocional en totes les etapes educatives. Descobreix la nostra acad\u00e8mia de refor\u00e7 escolar a Sant Antoni de Vilamajor.","og_url":"https:\/\/lespiga.es\/ca\/cookies\/","og_site_name":"L&#039;Espiga","article_modified_time":"2025-07-25T12:37:31+00:00","twitter_card":"summary_large_image","twitter_misc":{"Temps estimat de lectura":"5 minuts"},"schema":{"@context":"https:\/\/schema.org","@graph":[{"@type":"WebPage","@id":"https:\/\/lespiga.es\/ca\/cookies\/","url":"https:\/\/lespiga.es\/ca\/cookies\/","name":"Informaci\u00f3 de les cookies | L'Espiga","isPartOf":{"@id":"https:\/\/lespiga.es\/ca\/#website"},"datePublished":"2025-07-24T10:11:42+00:00","dateModified":"2025-07-25T12:37:31+00:00","description":"Acompanyament acad\u00e8mic i emocional en totes les etapes educatives. Descobreix la nostra acad\u00e8mia de refor\u00e7 escolar a Sant Antoni de Vilamajor.","breadcrumb":{"@id":"https:\/\/lespiga.es\/ca\/cookies\/#breadcrumb"},"inLanguage":"ca","potentialAction":[{"@type":"ReadAction","target":["https:\/\/lespiga.es\/ca\/cookies\/"]}]},{"@type":"BreadcrumbList","@id":"https:\/\/lespiga.es\/ca\/cookies\/#breadcrumb","itemListElement":[{"@type":"ListItem","position":1,"name":"Home","item":"https:\/\/lespiga.es\/ca\/"},{"@type":"ListItem","position":2,"name":"Informaci\u00f3 de les cookies"}]},{"@type":"WebSite","@id":"https:\/\/lespiga.es\/ca\/#website","url":"https:\/\/lespiga.es\/ca\/","name":"L&#039;Espiga","description":"","potentialAction":[{"@type":"SearchAction","target":{"@type":"EntryPoint","urlTemplate":"https:\/\/lespiga.es\/ca\/?s={search_term_string}"},"query-input":{"@type":"PropertyValueSpecification","valueRequired":true,"valueName":"search_term_string"}}],"inLanguage":"ca"}]}},"_links":{"self":[{"href":"https:\/\/lespiga.es\/ca\/wp-json\/wp\/v2\/pages\/1607","targetHints":{"allow":["GET"]}}],"collection":[{"href":"https:\/\/lespiga.es\/ca\/wp-json\/wp\/v2\/pages"}],"about":[{"href":"https:\/\/lespiga.es\/ca\/wp-json\/wp\/v2\/types\/page"}],"author":[{"embeddable":true,"href":"https:\/\/lespiga.es\/ca\/wp-json\/wp\/v2\/users\/1"}],"replies":[{"embeddable":true,"href":"https:\/\/lespiga.es\/ca\/wp-json\/wp\/v2\/comments?post=1607"}],"version-history":[{"count":0,"href":"https:\/\/lespiga.es\/ca\/wp-json\/wp\/v2\/pages\/1607\/revisions"}],"wp:attachment":[{"href":"https:\/\/lespiga.es\/ca\/wp-json\/wp\/v2\/media?parent=1607"}],"curies":[{"name":"wp","href":"https:\/\/api.w.org\/{rel}","templated":true}]}}