{"id":1601,"date":"2025-07-24T11:55:42","date_gmt":"2025-07-24T09:55:42","guid":{"rendered":"https:\/\/lespiga.es\/avis-legal\/"},"modified":"2026-02-20T10:36:00","modified_gmt":"2026-02-20T09:36:00","slug":"avis-legal","status":"publish","type":"page","link":"https:\/\/lespiga.es\/ca\/avis-legal\/","title":{"rendered":"Av\u00eds legal"},"content":{"rendered":"<div class=\"fusion-fullwidth fullwidth-box fusion-builder-row-1 fusion-flex-container has-pattern-background has-mask-background nonhundred-percent-fullwidth non-hundred-percent-height-scrolling\" style=\"--awb-border-radius-top-left:0px;--awb-border-radius-top-right:0px;--awb-border-radius-bottom-right:0px;--awb-border-radius-bottom-left:0px;--awb-padding-bottom:50px;--awb-background-color:var(--awb-color1);--awb-flex-wrap:wrap;\" ><div class=\"fusion-builder-row fusion-row fusion-flex-align-items-flex-start fusion-flex-justify-content-center fusion-flex-content-wrap\" style=\"max-width:calc( 1450px + 24px );margin-left: calc(-24px \/ 2 );margin-right: calc(-24px \/ 2 );\"><div class=\"fusion-layout-column fusion_builder_column fusion-builder-column-0 awb-sticky awb-sticky-small awb-sticky-medium awb-sticky-large fusion_builder_column_1_4 1_4 fusion-flex-column fusion-no-small-visibility\" style=\"--awb-padding-top:15px;--awb-padding-right:15px;--awb-padding-bottom:15px;--awb-padding-left:15px;--awb-bg-color:var(--awb-color2);--awb-bg-color-hover:var(--awb-color2);--awb-bg-size:cover;--awb-width-large:25%;--awb-margin-top-large:0px;--awb-spacing-right-large:12px;--awb-margin-bottom-large:20px;--awb-spacing-left-large:12px;--awb-width-medium:25%;--awb-order-medium:0;--awb-spacing-right-medium:12px;--awb-spacing-left-medium:12px;--awb-width-small:100%;--awb-order-small:0;--awb-spacing-right-small:12px;--awb-spacing-left-small:12px;--awb-sticky-offset:150px;\" data-scroll-devices=\"small-visibility,medium-visibility,large-visibility\"><div class=\"fusion-column-wrapper fusion-column-has-shadow fusion-flex-justify-content-flex-start fusion-content-layout-column\"><div class=\"fusion-title title fusion-title-1 fusion-sep-none fusion-title-text fusion-title-size-three\" style=\"--awb-margin-top-small:10px;--awb-margin-right-small:0px;--awb-margin-bottom-small:10px;--awb-margin-left-small:0px;--awb-font-size:var(--awb-typography2-font-size);\"><h3 class=\"fusion-title-heading title-heading-left fusion-responsive-typography-calculated\" style=\"font-family:&quot;Kindora normal&quot;;font-style:normal;font-weight:400;margin:0;letter-spacing:var(--awb-typography2-letter-spacing);text-transform:var(--awb-typography2-text-transform);font-size:1em;--fontSize:24;line-height:var(--awb-typography2-line-height);\">MEN\u00da<\/h3><\/div><nav class=\"awb-menu awb-menu_column awb-menu_em-hover mobile-mode-collapse-to-button awb-menu_icons-left awb-menu_dc-yes mobile-trigger-fullwidth-off awb-menu_mobile-toggle awb-menu_indent-left mobile-size-full-absolute loading mega-menu-loading awb-menu_desktop awb-menu_dropdown awb-menu_expand-right awb-menu_transition-fade\" style=\"--awb-color:var(--awb-color5);--awb-active-color:var(--awb-color4);--awb-icons-color:var(--awb-color5);--awb-icons-hover-color:var(--awb-color4);--awb-main-justify-content:flex-start;--awb-mobile-justify:flex-start;--awb-mobile-caret-left:auto;--awb-mobile-caret-right:0;--awb-fusion-font-family-typography:inherit;--awb-fusion-font-style-typography:normal;--awb-fusion-font-weight-typography:400;--awb-fusion-font-family-submenu-typography:inherit;--awb-fusion-font-style-submenu-typography:normal;--awb-fusion-font-weight-submenu-typography:400;--awb-fusion-font-family-mobile-typography:inherit;--awb-fusion-font-style-mobile-typography:normal;--awb-fusion-font-weight-mobile-typography:400;\" aria-label=\"Legal\" data-breakpoint=\"1024\" data-count=\"0\" data-transition-type=\"fade\" data-transition-time=\"300\" data-expand=\"right\"><button type=\"button\" class=\"awb-menu__m-toggle awb-menu__m-toggle_no-text\" aria-expanded=\"false\" aria-controls=\"menu-legal\"><span class=\"awb-menu__m-toggle-inner\"><span class=\"collapsed-nav-text\"><span class=\"screen-reader-text\">Toggle Navigation<\/span><\/span><span class=\"awb-menu__m-collapse-icon awb-menu__m-collapse-icon_no-text\"><span class=\"awb-menu__m-collapse-icon-open awb-menu__m-collapse-icon-open_no-text fa-bars fas\"><\/span><span class=\"awb-menu__m-collapse-icon-close awb-menu__m-collapse-icon-close_no-text fa-times fas\"><\/span><\/span><\/span><\/button><ul id=\"menu-legal\" class=\"fusion-menu awb-menu__main-ul awb-menu__main-ul_column\"><li  id=\"menu-item-1180\"  class=\"menu-item menu-item-type-post_type menu-item-object-page menu-item-1180 awb-menu__li awb-menu__main-li awb-menu__main-li_regular\"  data-item-id=\"1180\"><span class=\"awb-menu__main-background-default awb-menu__main-background-default_fade\"><\/span><span class=\"awb-menu__main-background-active awb-menu__main-background-active_fade\"><\/span><a  href=\"https:\/\/lespiga.es\/aviso-legal\/\" class=\"awb-menu__main-a awb-menu__main-a_regular\"><span class=\"menu-text\">Av\u00eds legal<\/span><\/a><\/li><li  id=\"menu-item-1633\"  class=\"menu-item menu-item-type-post_type menu-item-object-page menu-item-1633 awb-menu__li awb-menu__main-li awb-menu__main-li_regular\"  data-item-id=\"1633\"><span class=\"awb-menu__main-background-default awb-menu__main-background-default_fade\"><\/span><span class=\"awb-menu__main-background-active awb-menu__main-background-active_fade\"><\/span><a  href=\"https:\/\/lespiga.es\/politica-de-privacidad\/\" class=\"awb-menu__main-a awb-menu__main-a_regular\"><span class=\"menu-text\">Pol\u00edtica de privacitat<\/span><\/a><\/li><li  id=\"menu-item-1634\"  class=\"menu-item menu-item-type-post_type menu-item-object-page menu-item-1634 awb-menu__li awb-menu__main-li awb-menu__main-li_regular\"  data-item-id=\"1634\"><span class=\"awb-menu__main-background-default awb-menu__main-background-default_fade\"><\/span><span class=\"awb-menu__main-background-active awb-menu__main-background-active_fade\"><\/span><a  href=\"https:\/\/lespiga.es\/cookies\/\" class=\"awb-menu__main-a awb-menu__main-a_regular\"><span class=\"menu-text\">Informaci\u00f3 de les cookies<\/span><\/a><\/li><\/ul><\/nav><\/div><\/div><div class=\"fusion-layout-column fusion_builder_column fusion-builder-column-1 fusion_builder_column_3_4 3_4 fusion-flex-column\" style=\"--awb-bg-size:cover;--awb-width-large:75%;--awb-margin-top-large:0px;--awb-spacing-right-large:12px;--awb-margin-bottom-large:30px;--awb-spacing-left-large:12px;--awb-width-medium:75%;--awb-order-medium:0;--awb-spacing-right-medium:12px;--awb-spacing-left-medium:12px;--awb-width-small:100%;--awb-order-small:0;--awb-spacing-right-small:12px;--awb-spacing-left-small:12px;\" data-scroll-devices=\"small-visibility,medium-visibility,large-visibility\"><div class=\"fusion-column-wrapper fusion-column-has-shadow fusion-flex-justify-content-flex-start fusion-content-layout-column\"><div class=\"fusion-title title fusion-title-2 fusion-sep-none fusion-title-center fusion-title-text fusion-title-size-two\" style=\"--awb-text-color:var(--awb-color2);--awb-margin-top-small:10px;--awb-margin-right-small:0px;--awb-margin-bottom-small:10px;--awb-margin-left-small:0px;--awb-sep-color:#d1d1d1;\"><h2 class=\"fusion-title-heading title-heading-center fusion-responsive-typography-calculated\" style=\"font-family:&quot;Abril Fatface&quot;;font-style:normal;font-weight:400;margin:0;text-transform:var(--awb-typography1-text-transform);--fontSize:48;line-height:var(--awb-typography1-line-height);\">Av\u00eds legal<\/h2><\/div><div class=\"fusion-text fusion-text-1 fusion-text-no-margin\" style=\"--awb-content-alignment:justify;--awb-font-size:var(--awb-typography4-font-size);--awb-line-height:var(--awb-typography4-line-height);--awb-letter-spacing:var(--awb-typography4-letter-spacing);--awb-text-transform:var(--awb-typography4-text-transform);--awb-text-color:var(--awb-color4);--awb-margin-bottom:15px;--awb-text-font-family:var(--awb-typography4-font-family);--awb-text-font-weight:var(--awb-typography4-font-weight);--awb-text-font-style:var(--awb-typography4-font-style);\"><p>En compliment de la Llei 34\/2002 de Serveis de la Societat de la Informaci\u00f3 i de Comer\u00e7 Electr\u00f2nic d&#8217;Espanya, l&#8217;informem que aquesta web \u00e9s propietat de L&#8217;Espiga, amb domicili en Pl. Joan Casas N2 1r 1a Sant Antoni de Vilamajor. <\/p>\n<p>Aquesta web es regeix per la normativa exclusivament aplicable a Espanya, quedant sotmesa a ella, tant nacionals com estrangers que utilitzin aquesta web.<\/p>\n<p>L&#8217;acc\u00e9s a la nostra web per part de l&#8217;USUARI \u00e9s gratu\u00eft i est\u00e0 condicionat a la pr\u00e8via lectura i acceptaci\u00f3 integra, expressa i sense reserves de les presents CONDICIONS GENERALS D&#8217;\u00daS vigents en el moment de l&#8217;acc\u00e9s, que preguem que llegeixi detingudament. L&#8217;USUARI en el moment que utilitza la nostra web, els seus continguts o serveis, accepta i se sotmet expressament a les condicions generals d&#8217;\u00fas d&#8217;aquesta. Si l&#8217;USUARI no estigu\u00e9s d&#8217;acord amb les presents condicions d&#8217;\u00fas, haur\u00e0 d&#8217;abstenir-se d&#8217;utilitzar aquesta web i operar per mitj\u00e0 d&#8217;aquesta.  <\/p>\n<p>En qualsevol moment podrem modificar la presentaci\u00f3 i configuraci\u00f3 d&#8217;aquesta web, ampliar o reduir serveis, i fins i tot suprimir-la de la Xarxa, aix\u00ed com els serveis i continguts prestats, tot aix\u00f2 de manera unilateral i sense previ av\u00eds.<\/p>\n<p><strong>A. Propiedad intelectual<\/strong><br \/>\nTodos los contenidos, textos, im\u00e1genes, y c\u00f3digos fuente son propiedad de L&#8217;Espiga o de terceros a los que se han adquirido sus derechos de explotaci\u00f3n y est\u00e1n protegidos por los derechos de Propiedad Intelectual e Industrial.<\/p>\n<p>L&#8217;USUARI \u00fanicament t\u00e9 dret a un \u00fas privat d&#8217;aquests, sense \u00e0nim de lucre, i necessita autoritzaci\u00f3 expressa de L&#8217;Espiga i\/o el titular dels drets per a modificar-los, reproduir-los, explotar-los, distribuir-los o qualsevol dret pertanyent al seu titular.<\/p>\n<p>L&#8217;establiment d&#8217;enlla\u00e7os a la nostra web no confereix cap dret sobre la mateixa i s&#8217;autoritzen exclusivament per a permetre l&#8217;acc\u00e9s a la nostra web, quedant prohibida en altres p\u00e0gines la reproducci\u00f3 total o parcial de les imatges i\/o continguts de la nostra web. Aix\u00ed mateix, el simple fet d&#8217;establir un enlla\u00e7 a la nostra web no dona dret a atorgar-se la categoria de col\u00b7laborador o soci de L&#8217;Espiga. <\/p>\n<p>Est\u00e0 absolutament prohibida la imitaci\u00f3 ja sigui total o parcial de la nostra web.<\/p>\n<p><strong>B. Condicions d&#8217;acc\u00e9s<\/strong><br \/>\nL&#8217;acc\u00e9s a la nostra web \u00e9s gratu\u00eft i no exigeix pr\u00e8via subscripci\u00f3 o registre. No obstant aix\u00f2, L&#8217;Espiga es reserva el dret d&#8217;oferir serveis que requereixin el registre previ de l&#8217;USUARI. En tot cas, aquests serveis quedaran degudament identificats en la web, amb f\u00e0cils indicacions per al seu registre.  <\/p>\n<p>L&#8217;USUARI ha d&#8217;accedir a la nostra web conforme a la bona fe, les normes d&#8217;ordre p\u00fablic, a les presents Condicions Generals d&#8217;\u00fas. L&#8217;acc\u00e9s al nostre lloc web es realitza sota la pr\u00f2pia i exclusiva responsabilitat de l&#8217;USUARI, que respondr\u00e0 en tot cas dels danys i perjudicis que pugui causar a tercers o a nosaltres mateixos. <\/p>\n<p>L&#8217;USUARI t\u00e9 expressament prohibit la utilitzaci\u00f3 i obtenci\u00f3 dels serveis i continguts oferts en la present web, per procediments distints als estipulats en les presents condicions d&#8217;\u00fas, i si \u00e9s el cas en les condicions particulars que regulin l&#8217;adquisici\u00f3 de determinats serveis.<\/p>\n<p>Tenint en compte la impossibilitat de control respecte a la informaci\u00f3, continguts i serveis que continguin unes altres websites als quals es pugui accedir a trav\u00e9s dels enlla\u00e7os que la nostra web posa a la seva disposici\u00f3, li comuniquem que L&#8217;Espiga queda eximida de qualsevol responsabilitat pels danys i perjudicis de tota classe que poguessin derivar per la utilitzaci\u00f3 d&#8217;aquestes p\u00e0gines web alienes a la nostra per part de l&#8217;USUARI. L&#8217;Espiga es reserva el dret d&#8217;exercitar les accions legals oportunes contra aquells USUARIS que vulnerin les presents condicions generals d&#8217;\u00fas, acceptant l&#8217;USUARI que la no iniciaci\u00f3 d&#8217;aquestes accions no constitueix una ren\u00fancia formal als mateixes, romanent aquestes vigents fins als terminis de prescripci\u00f3 de les infraccions. <\/p>\n<p><strong>C. Protecci\u00f3 de dades personals<\/strong><br \/>\nDe conformitat amb el que s&#8217;estableix en la normativa vigent en Protecci\u00f3 de Dades de Car\u00e0cter Personal, l&#8217;informem que les seves dades seran incorporades al sistema de tractament titularitat de L&#8217;Espiga amb NIF XXXX i domicili social situat enPl. Joan Casas N2 1r 1a<br \/>\nSant Antoni de Vilamajor 08459 Barcelona , amb la finalitat d&#8217;atendre les seves consultes i remetre-li informaci\u00f3 relacionada que pugui ser del seu inter\u00e8s. En compliment amb la normativa vigent, L&#8217;Espiga informa que les dades seran conservades durant el termini estrictament necessari per a complir amb els preceptes esmentats amb anterioritat.  <\/p>\n<p>Mentre no ens comuniqui el contrari, entendrem que les seves dades no han estat modificats, que vost\u00e8 es compromet a notificar-nos qualsevol variaci\u00f3 i que tenim el seu consentiment per a utilitzar-los per a les finalitats esmentades.<\/p>\n<p>L&#8217;Espiga informa que procedir\u00e0 a tractar les dades de manera l\u00edcita, lleial, transparent, adequada, pertinent, limitada, exacta i actualitzada. \u00c9s per aix\u00f2 que L&#8217;Espiga es compromet a adoptar totes les mesures raonables perqu\u00e8 aquests se suprimeixin o rectifiquin sense dilaci\u00f3 quan siguin inexactes. <\/p>\n<p>D&#8217;acord amb els drets que li confereix en la normativa vigent en protecci\u00f3 de dades podr\u00e0 exercir els drets d&#8217;acc\u00e9s, rectificaci\u00f3 , limitaci\u00f3 de tractament, supressi\u00f3, portabilitat i oposici\u00f3 al tractament de les seves dades de car\u00e0cter personal aix\u00ed com del consentiment prestat per al tractament d&#8217;aquests, dirigint la seva petici\u00f3 a l&#8217;adre\u00e7a postal indicada mes a dalt o al correu electr\u00f2nic Info@lespiga.es<\/p>\n<p>Amb enviament del formulari de recollida de dades vost\u00e8 accepta la pol\u00edtica de privacitat de L&#8217;Espiga<\/p>\n<p><strong>D. Responsabilitats<\/strong><br \/>\nEn posar a la disposici\u00f3 de l&#8217;USUARI aquesta web volem oferir-li una s\u00e8rie de continguts i serveis de qualitat, utilitzant la m\u00e0xima dilig\u00e8ncia en la prestaci\u00f3 dels mateixos aix\u00ed com en els mitjans tecnol\u00f2gics utilitzats. No obstant aix\u00f2, no respondrem de la pres\u00e8ncia de virus i altres elements que d&#8217;algun mode puguin danyar el sistema inform\u00e0tic de l&#8217;USUARI. <\/p>\n<p>L&#8217;USUARI t\u00e9 prohibit qualsevol tipus d&#8217;acci\u00f3 sobre la nostra web que origini una sobrec\u00e0rrega als nostres sistemes inform\u00e0tics, aix\u00ed com la introducci\u00f3 de virus, instal\u00b7laci\u00f3 de robots o de programari que alteri el normal funcionament de la nostra web, o en definitiva pugui causar danys als nostres sistemes inform\u00e0tics.<\/p>\n<p>L&#8217;USUARI assumeix tota la responsabilitat derivada de l&#8217;\u00fas de la nostra web, sent l&#8217;\u00fanic responsable de tot efecte directe o indirecte que sobre la web es derivi, incloent, de manera enunciativa i no limitativa, tot resultat econ\u00f2mic, t\u00e8cnic i\/o jur\u00eddic advers, aix\u00ed com la defraudaci\u00f3 de les expectatives generades pel nostre portal, obligant-se l&#8217;USUARI a mantenir indemne a L&#8217;Espiga per qualssevol reclamacions derivades, directament o indirectament de tals fets.<\/p>\n<p>L&#8217;Espiga queda exonerat de responsabilitat per qualsevol reclamaci\u00f3 respecte als drets de propietat intel\u00b7lectual dels articles i imatges publicades en el seu portal, aix\u00ed com, no garanteix l&#8217;exactitud, veracitat i vig\u00e8ncia dels continguts d&#8217;aquesta web, ja siguin propis, de tercers, o amb enlla\u00e7 a altres webs, quedant totalment exonerada de qualsevol responsabilitat derivada de l&#8217;\u00fas de la mateixos.<\/p>\n<p>L&#8217;Espiga queda exonerada de qualsevol responsabilitat derivada de qualsevol reclamaci\u00f3, incl\u00f2s el pagament d&#8217;honoraris a advocats, per les demandes i reclamacions originades per tercers per l&#8217;incompliment per part de l&#8217;USUARI de les nostres condicions d&#8217;\u00fas, acc\u00e9s i pol\u00edtica de privacitat, o qualssevol una altra reclamaci\u00f3 per l&#8217;incompliment de la legislaci\u00f3 vigent.<\/p>\n<p>L&#8217;USUARI reconeix que ha ent\u00e8s tota la informaci\u00f3 respecte a les condicions d&#8217;\u00fas del nostre portal, i reconeix que s\u00f3n suficients per a l&#8217;exclusi\u00f3 de l&#8217;error en aquestes, i per tant, les accepta integra i expressament.<\/p>\n<p>L&#8217;USUARI \u00e9s plenament conscient que la mera navegaci\u00f3 per la present web, aix\u00ed com la utilitzaci\u00f3 dels seus serveis, implica l&#8217;acceptaci\u00f3 de les presents condicions d&#8217;\u00fas.<\/p>\n<p>Tot el referent a la nostra web, es regeix exclusivament per les lleis espanyoles. En el cas que es produeixi qualsevol tipus de discrep\u00e0ncia o difer\u00e8ncia entre les parts en relaci\u00f3 amb la interpretaci\u00f3 i contingut de la present web, totes les parts se sotmeten, amb ren\u00fancia expressa a qualsevol altre fur, als Jutjats i Tribunals de Barcelona. <\/p>\n<p><strong>E. Google analytics<\/strong><br \/>\nAquesta p\u00e0gina web utilitza Google Analytics, un servei anal\u00edtic de web prestat per Google, Inc., l&#8217;oficina principal del qual est\u00e0 en 1600 Amphitheatre Parkway, Mountain View (Calif\u00f2rnia), CA 94043, els Estats Units (\u201cGoogle\u201d).<\/p>\n<p>Google Analytics utilitza \u201ccookies\u201d, que s\u00f3n arxius de text situats en el seu ordinador, per a ajudar el website a analitzar l&#8217;\u00fas que fan els usuaris del lloc web.<\/p>\n<p>La informaci\u00f3 que genera la cookie sobre el seu \u00fas del website (incloent la seva adre\u00e7a IP) ser\u00e0 directament transmesa i arxivada per Google en els servidors dels Estats Units.<\/p>\n<p>Google usar\u00e0 aquesta informaci\u00f3 per compte nostre amb el prop\u00f2sit de seguir la pista del seu \u00fas del website, recopilant informes de l&#8217;activitat del website i prestant altres serveis relacionats amb l&#8217;activitat del website i l&#8217;\u00fas d&#8217;Internet.<\/p>\n<p>Google podr\u00e0 transmetre aquesta informaci\u00f3 a tercers quan aix\u00ed li ho requereixi la legislaci\u00f3, o quan dits tercers processin la informaci\u00f3 per compte de Google.<\/p>\n<p>Google no associar\u00e0 la seva adre\u00e7a IP amb cap altra dada del qual disposi Google.<\/p>\n<p>Aquesta web pot fer \u00fas de \u201ctracking tags\u201d en determinades p\u00e0gines per a mesurament i optimitzaci\u00f3 de campanyes de m\u00e0rqueting de resultats, no emmagatzemant-se en cap cas informaci\u00f3 personal de l&#8217;usuari.<\/p>\n<p>L&#8217;USUARI pot rebutjar el tractament de les dades o la informaci\u00f3 rebutjant l&#8217;\u00fas de cookies mitjan\u00e7ant la selecci\u00f3 de la configuraci\u00f3 apropiada del seu navegador, no obstant aix\u00f2, ha de saber que si ho fa pot ser que no pugui usar la plena funcionalitat d&#8217;aquesta web. En utilitzar aquesta web l&#8217;USUARI consent el tractament d&#8217;aquesta informaci\u00f3 per Google en la forma i per als fins indicats m\u00e9s amunt. <\/p>\n<\/div><\/div><\/div><\/div><\/div>\n","protected":false},"excerpt":{"rendered":"","protected":false},"author":1,"featured_media":0,"parent":0,"menu_order":0,"comment_status":"closed","ping_status":"open","template":"100-width.php","meta":{"footnotes":""},"class_list":["post-1601","page","type-page","status-publish","hentry"],"yoast_head":"<!-- This site is optimized with the Yoast SEO plugin v27.3 - https:\/\/yoast.com\/product\/yoast-seo-wordpress\/ -->\n<title>Av\u00eds legal | L&#039;Espiga<\/title>\n<meta name=\"description\" content=\"Acompanyament acad\u00e8mic i emocional en totes les etapes educatives. Descobreix la nostra acad\u00e8mia de refor\u00e7 escolar a Sant Antoni de Vilamajor.\" \/>\n<meta name=\"robots\" content=\"index, follow, max-snippet:-1, max-image-preview:large, max-video-preview:-1\" \/>\n<link rel=\"canonical\" href=\"https:\/\/lespiga.es\/ca\/avis-legal\/\" \/>\n<meta property=\"og:locale\" content=\"ca_ES\" \/>\n<meta property=\"og:type\" content=\"article\" \/>\n<meta property=\"og:title\" content=\"Av\u00eds legal | L&#039;Espiga\" \/>\n<meta property=\"og:description\" content=\"Acompanyament acad\u00e8mic i emocional en totes les etapes educatives. Descobreix la nostra acad\u00e8mia de refor\u00e7 escolar a Sant Antoni de Vilamajor.\" \/>\n<meta property=\"og:url\" content=\"https:\/\/lespiga.es\/ca\/avis-legal\/\" \/>\n<meta property=\"og:site_name\" content=\"L&#039;Espiga\" \/>\n<meta property=\"article:modified_time\" content=\"2026-02-20T09:36:00+00:00\" \/>\n<meta name=\"twitter:card\" content=\"summary_large_image\" \/>\n<meta name=\"twitter:label1\" content=\"Temps estimat de lectura\" \/>\n\t<meta name=\"twitter:data1\" content=\"8 minuts\" \/>\n<script type=\"application\/ld+json\" class=\"yoast-schema-graph\">{\"@context\":\"https:\\\/\\\/schema.org\",\"@graph\":[{\"@type\":\"WebPage\",\"@id\":\"https:\\\/\\\/lespiga.es\\\/ca\\\/avis-legal\\\/\",\"url\":\"https:\\\/\\\/lespiga.es\\\/ca\\\/avis-legal\\\/\",\"name\":\"Av\u00eds legal | L'Espiga\",\"isPartOf\":{\"@id\":\"https:\\\/\\\/lespiga.es\\\/ca\\\/#website\"},\"datePublished\":\"2025-07-24T09:55:42+00:00\",\"dateModified\":\"2026-02-20T09:36:00+00:00\",\"description\":\"Acompanyament acad\u00e8mic i emocional en totes les etapes educatives. Descobreix la nostra acad\u00e8mia de refor\u00e7 escolar a Sant Antoni de Vilamajor.\",\"breadcrumb\":{\"@id\":\"https:\\\/\\\/lespiga.es\\\/ca\\\/avis-legal\\\/#breadcrumb\"},\"inLanguage\":\"ca\",\"potentialAction\":[{\"@type\":\"ReadAction\",\"target\":[\"https:\\\/\\\/lespiga.es\\\/ca\\\/avis-legal\\\/\"]}]},{\"@type\":\"BreadcrumbList\",\"@id\":\"https:\\\/\\\/lespiga.es\\\/ca\\\/avis-legal\\\/#breadcrumb\",\"itemListElement\":[{\"@type\":\"ListItem\",\"position\":1,\"name\":\"Home\",\"item\":\"https:\\\/\\\/lespiga.es\\\/ca\\\/\"},{\"@type\":\"ListItem\",\"position\":2,\"name\":\"Av\u00eds legal\"}]},{\"@type\":\"WebSite\",\"@id\":\"https:\\\/\\\/lespiga.es\\\/ca\\\/#website\",\"url\":\"https:\\\/\\\/lespiga.es\\\/ca\\\/\",\"name\":\"L&#039;Espiga\",\"description\":\"\",\"potentialAction\":[{\"@type\":\"SearchAction\",\"target\":{\"@type\":\"EntryPoint\",\"urlTemplate\":\"https:\\\/\\\/lespiga.es\\\/ca\\\/?s={search_term_string}\"},\"query-input\":{\"@type\":\"PropertyValueSpecification\",\"valueRequired\":true,\"valueName\":\"search_term_string\"}}],\"inLanguage\":\"ca\"}]}<\/script>\n<!-- \/ Yoast SEO plugin. -->","yoast_head_json":{"title":"Av\u00eds legal | L'Espiga","description":"Acompanyament acad\u00e8mic i emocional en totes les etapes educatives. Descobreix la nostra acad\u00e8mia de refor\u00e7 escolar a Sant Antoni de Vilamajor.","robots":{"index":"index","follow":"follow","max-snippet":"max-snippet:-1","max-image-preview":"max-image-preview:large","max-video-preview":"max-video-preview:-1"},"canonical":"https:\/\/lespiga.es\/ca\/avis-legal\/","og_locale":"ca_ES","og_type":"article","og_title":"Av\u00eds legal | L'Espiga","og_description":"Acompanyament acad\u00e8mic i emocional en totes les etapes educatives. Descobreix la nostra acad\u00e8mia de refor\u00e7 escolar a Sant Antoni de Vilamajor.","og_url":"https:\/\/lespiga.es\/ca\/avis-legal\/","og_site_name":"L&#039;Espiga","article_modified_time":"2026-02-20T09:36:00+00:00","twitter_card":"summary_large_image","twitter_misc":{"Temps estimat de lectura":"8 minuts"},"schema":{"@context":"https:\/\/schema.org","@graph":[{"@type":"WebPage","@id":"https:\/\/lespiga.es\/ca\/avis-legal\/","url":"https:\/\/lespiga.es\/ca\/avis-legal\/","name":"Av\u00eds legal | L'Espiga","isPartOf":{"@id":"https:\/\/lespiga.es\/ca\/#website"},"datePublished":"2025-07-24T09:55:42+00:00","dateModified":"2026-02-20T09:36:00+00:00","description":"Acompanyament acad\u00e8mic i emocional en totes les etapes educatives. Descobreix la nostra acad\u00e8mia de refor\u00e7 escolar a Sant Antoni de Vilamajor.","breadcrumb":{"@id":"https:\/\/lespiga.es\/ca\/avis-legal\/#breadcrumb"},"inLanguage":"ca","potentialAction":[{"@type":"ReadAction","target":["https:\/\/lespiga.es\/ca\/avis-legal\/"]}]},{"@type":"BreadcrumbList","@id":"https:\/\/lespiga.es\/ca\/avis-legal\/#breadcrumb","itemListElement":[{"@type":"ListItem","position":1,"name":"Home","item":"https:\/\/lespiga.es\/ca\/"},{"@type":"ListItem","position":2,"name":"Av\u00eds legal"}]},{"@type":"WebSite","@id":"https:\/\/lespiga.es\/ca\/#website","url":"https:\/\/lespiga.es\/ca\/","name":"L&#039;Espiga","description":"","potentialAction":[{"@type":"SearchAction","target":{"@type":"EntryPoint","urlTemplate":"https:\/\/lespiga.es\/ca\/?s={search_term_string}"},"query-input":{"@type":"PropertyValueSpecification","valueRequired":true,"valueName":"search_term_string"}}],"inLanguage":"ca"}]}},"_links":{"self":[{"href":"https:\/\/lespiga.es\/ca\/wp-json\/wp\/v2\/pages\/1601","targetHints":{"allow":["GET"]}}],"collection":[{"href":"https:\/\/lespiga.es\/ca\/wp-json\/wp\/v2\/pages"}],"about":[{"href":"https:\/\/lespiga.es\/ca\/wp-json\/wp\/v2\/types\/page"}],"author":[{"embeddable":true,"href":"https:\/\/lespiga.es\/ca\/wp-json\/wp\/v2\/users\/1"}],"replies":[{"embeddable":true,"href":"https:\/\/lespiga.es\/ca\/wp-json\/wp\/v2\/comments?post=1601"}],"version-history":[{"count":1,"href":"https:\/\/lespiga.es\/ca\/wp-json\/wp\/v2\/pages\/1601\/revisions"}],"predecessor-version":[{"id":2395,"href":"https:\/\/lespiga.es\/ca\/wp-json\/wp\/v2\/pages\/1601\/revisions\/2395"}],"wp:attachment":[{"href":"https:\/\/lespiga.es\/ca\/wp-json\/wp\/v2\/media?parent=1601"}],"curies":[{"name":"wp","href":"https:\/\/api.w.org\/{rel}","templated":true}]}}